{"id":286,"date":"2017-07-12T07:48:57","date_gmt":"2017-07-12T07:48:57","guid":{"rendered":"https:\/\/themes.themegoods.com\/grandconference\/demo2\/?page_id=2"},"modified":"2025-05-20T18:18:28","modified_gmt":"2025-05-20T16:18:28","slug":"homepage","status":"publish","type":"page","link":"https:\/\/itmusicjam.cz\/","title":{"rendered":"IT music jam"},"content":{"rendered":"<div  class=\"one fullwidth \"><\/div>\n<div  class=\"one withsmallpadding ppb_text\" style=\"padding-bottom:10px !important;text-align:left;padding:60px 0 60px 0;background-color:#000000;color:#ffffff !important;\" >\n<div class=\"standard_wrapper\">\n<div class=\"page_content_wrapper\">\n<div class=\"inner\">\n<div style=\"margin:auto;width:100%\">\n<p><span style=\"font-size:16px;text-transform:uppercase;font-weight:600;letter-spacing:2px;\">IT MUSIC JAM 2025<\/span><\/p>\n<h4 style=\"color:#47ECCE;\"><span style=\"color:#fff;\">IT MUSIC JAM<\/span> je hudebn\u00ed festival kapel a milovn\u00edk\u016f hudby z IT bran\u017ee. Na za\u010d\u00e1tku st\u00e1la my\u0161lenka d\u00e1t dohromady muzikanty ze spole\u010dnosti DNS a jejich hudebn\u00edch p\u0159\u00e1tel.<br \/>\nLeto\u0161n\u00ed 15. ro\u010dn\u00edk bude op\u011bt v <span style=\"color:#fff;\">ROCK CAF\u00c9 Praha na N\u00e1rodn\u00ed.<\/span><\/h4>\n<\/div>\n<\/div>\n<\/div>\n<\/div>\n<\/div>\n<div id=\"kapely\" class=\"ppb_speaker_grid one nopadding \" >\n<div class=\"page_content_wrapper page_main_content sidebar_content full_width fixed_column\">\n<div id=\"17477579081373381038\" data-columns=\"3\">\n<div class=\"element grid one_third_bg\"><a class=\"speaker_grid_link\" href=\"https:\/\/itmusicjam.cz\/?speaker=kernel-panic\"><img decoding=\"async\" src=\"https:\/\/itmusicjam.cz\/wp-content\/uploads\/2023\/06\/Image-2-960x636.png\" alt=\"Kernel panic\" class=\"bw\"\/><\/p>\n<div class=\"speaker_info_wrapper\">\n<h4>Kernel panic<\/h4>\n<div class=\"speaker_desc\">rock<\/div>\n<\/div>\n<p><\/a><\/div>\n<div class=\"element grid one_third_bg\"><a class=\"speaker_grid_link\" href=\"https:\/\/itmusicjam.cz\/?speaker=bull-band\"><img decoding=\"async\" src=\"https:\/\/itmusicjam.cz\/wp-content\/uploads\/2021\/07\/bull_scaled-960x636.jpg\" alt=\"Bull band\" class=\"bw\"\/><\/p>\n<div class=\"speaker_info_wrapper\">\n<h4>Bull band<\/h4>\n<div class=\"speaker_desc\">blues-rock<\/div>\n<\/div>\n<p><\/a><\/div>\n<div class=\"element grid one_third_bg\"><a class=\"speaker_grid_link\" href=\"https:\/\/itmusicjam.cz\/?speaker=the-duo\"><img decoding=\"async\" src=\"https:\/\/itmusicjam.cz\/wp-content\/uploads\/2017\/07\/zlab-2-960x636.jpg\" alt=\"The \u017dlab\" class=\"bw\"\/><\/p>\n<div class=\"speaker_info_wrapper\">\n<h4>The \u017dlab<\/h4>\n<div class=\"speaker_desc\">punk-rock<\/div>\n<\/div>\n<p><\/a><\/div>\n<p><br class=\"clear\"\/><\/p>\n<div class=\"element grid one_third_bg\"><a class=\"speaker_grid_link\" href=\"https:\/\/itmusicjam.cz\/?speaker=denudace\"><img decoding=\"async\" src=\"https:\/\/itmusicjam.cz\/wp-content\/uploads\/2017\/07\/denudace-3-960x636.jpg\" alt=\"Denudace\" class=\"bw\"\/><\/p>\n<div class=\"speaker_info_wrapper\">\n<h4>Denudace<\/h4>\n<div class=\"speaker_desc\">jazz-rock<\/div>\n<\/div>\n<p><\/a><\/div>\n<div class=\"element grid one_third_bg\"><a class=\"speaker_grid_link\" href=\"https:\/\/itmusicjam.cz\/?speaker=jeff-robin\"><img decoding=\"async\" src=\"https:\/\/itmusicjam.cz\/wp-content\/uploads\/2017\/07\/digestor_new-960x636.jpg\" alt=\"Digesto\u0159\" class=\"bw\"\/><\/p>\n<div class=\"speaker_info_wrapper\">\n<h4>Digesto\u0159<\/h4>\n<div class=\"speaker_desc\">punk-rock<\/div>\n<\/div>\n<p><\/a><\/div>\n<div class=\"element grid one_third_bg\"><a class=\"speaker_grid_link\" href=\"https:\/\/itmusicjam.cz\/?speaker=luis-gallop\"><img decoding=\"async\" src=\"https:\/\/itmusicjam.cz\/wp-content\/uploads\/2017\/07\/dacomeen_scaled-960x636.jpg\" alt=\"Da Comeen\" class=\"bw\"\/><\/p>\n<div class=\"speaker_info_wrapper\">\n<h4>Da Comeen<\/h4>\n<div class=\"speaker_desc\">rap<\/div>\n<\/div>\n<p><\/a><\/div>\n<p><br class=\"clear\"\/><\/div>\n<\/div>\n<\/div>\n<div  class=\"one withsmallpadding ppb_text\" style=\"padding-bottom:0px !important;text-align:left;padding:60px 0 60px 0;background-color:#785dca;color:#ffffff !important;\" >\n<div class=\"standard_wrapper\">\n<div class=\"page_content_wrapper\">\n<div class=\"inner\">\n<div style=\"margin:auto;width:100%\">\n<h4 style=\"color:#47ECCE;\">Program (p\u0159edb\u011b\u017en\u00fd)<\/h4>\n<h4 style=\"color:#ffffff;\">V Rock caf\u00e9 bude pro IT music jam vyhrazen\u00fd cel\u00fd s\u00e1l.<\/h4>\n<\/div>\n<\/div>\n<\/div>\n<\/div>\n<\/div>\n<div id=\"program\" class=\"ppb_session_tab one withsmallpadding \" style=\"padding-bottom: 60px !important;background:#785dca;\" >\n<div class=\"standard_wrapper\">\n<div style=\"margin:auto;width:90%\">\n<div id=\"1747757908175059066\">\n<ul class=\"scheduleday_wrapper tab\">\n<li data-tab=\"2024\" class=\"scheduleday_title active\">\n<div class=\"scheduleday_title_content\">\n<h4 style=\"color:#ffffff;\">2024<\/h4>\n<div class=\"scheduleday_desc\" style=\"color:#ffffff;\">\u010dtvrtek, 12. z\u00e1\u0159\u00ed 2024<\/div>\n<\/div>\n<p><br class=\"clear\"\/><\/li>\n<\/ul>\n<ul id=\"2024\" class=\"scheduleday_wrapper themeborder tab_content\">\n<li class=\"themeborder \">\n<div class=\"session_content_wrapper expandable\" data-expandid=\"excerpt_454\">\n<div class=\"session_speaker_thumb\"><img decoding=\"async\" src=\"https:\/\/itmusicjam.cz\/wp-content\/uploads\/2023\/06\/Image-2-150x150.png\" alt=\"Kernel panic\"\/><\/div>\n<div class=\"session_content has_speaker_thumb\">\n<div class=\"session_start_time\">18:00&nbsp;&#8211;&nbsp;18:40<\/div>\n<div class=\"session_title\">\n<h6>Kernel panic<\/h6>\n<\/div>\n<div class=\"session_speakers\">By&nbsp;<strong><a href=\"https:\/\/itmusicjam.cz\/?speaker=kernel-panic\">Kernel panic<\/a><\/strong>&nbsp;rock<\/div>\n<\/div>\n<p><br class=\"clear\"\/><\/div>\n<div id=\"excerpt_454\" class=\"session_content_extend hide session_content_wrapper\">\n<div class=\"session_content has_speaker_thumb\">\n<div class=\"session_excerpt\">U\u017eivatelsky p\u0159\u00edv\u011btiv\u00fd bigb\u00edt spojuj\u00edc\u00ed l\u00e1sku k technologi\u00edm, \u017een\u00e1m a roztomil\u00fdm zv\u00ed\u0159atk\u016fm.<\/div>\n<div class=\"session_location themeborder\">\n<div class=\"session_location_label skin_color\">Where<\/div>\n<div class=\"session_location_content\">klub Cross<\/div>\n<\/div>\n<\/div>\n<p><br class=\"clear\"\/><\/div>\n<\/li>\n<li class=\"themeborder \">\n<div class=\"session_content_wrapper expandable\" data-expandid=\"excerpt_452\">\n<div class=\"session_speaker_thumb\"><img decoding=\"async\" src=\"https:\/\/itmusicjam.cz\/wp-content\/uploads\/2017\/07\/denudace-3-150x150.jpg\" alt=\"Denudace\"\/><\/div>\n<div class=\"session_content has_speaker_thumb\">\n<div class=\"session_start_time\">21:45&nbsp;&#8211;&nbsp;22:25<\/div>\n<div class=\"session_title\">\n<h6>Denudace<\/h6>\n<\/div>\n<div class=\"session_speakers\">By&nbsp;<strong><a href=\"https:\/\/itmusicjam.cz\/?speaker=denudace\">Denudace<\/a><\/strong>&nbsp;jazz-rock<\/div>\n<\/div>\n<p><br class=\"clear\"\/><\/div>\n<div id=\"excerpt_452\" class=\"session_content_extend hide session_content_wrapper\">\n<div class=\"session_content has_speaker_thumb\">\n<div class=\"session_excerpt\">Denudace je havl\u00ed\u010dkobrodsk\u00e9 trio, kter\u00e9 ji\u017e p\u0159es 20 let ne\u00fanavn\u00e9 br\u00e1zd\u00ed hudebn\u00ed vody se svou vlastn\u00ed p\u00eds\u0148ovou tvorbou balancuj\u00edc\u00ed na pomez\u00ed funk-rocku a jazz-rocku. Z p\u016fvodn\u011b mnoha\u010dlenn\u00e9ho muzikantsk\u00e9ho spekt\u00e1klu se t\u011bleso postupem \u010dasu vycizelovalo do sestavy kytara, basa, bic\u00ed a je-li chu\u0165, tak i n\u011bjak\u00fd ten host. Reperto\u00e1r se nov\u011b pod\u00e1v\u00e1 v elektrick\u00e9, \u010di akustick\u00e9 variant\u011b. Hv\u011bzdn\u00e9 ambice ustoupily, chu\u0165 v\u00e1s odnudit nikoliv!<br \/>\nSlo\u017een\u00ed: Jakub K\u0159\u00ed\u017e (kytary, zp\u011bv, hudba, texty), Tom\u00e1\u0161 Bittermann (basa), Petr Plod\u00edk (bic\u00ed) \u2013\u00a0M Computers.<\/div>\n<\/div>\n<p><br class=\"clear\"\/><\/div>\n<\/li>\n<li class=\"themeborder \">\n<div class=\"session_content_wrapper expandable\" data-expandid=\"excerpt_83\">\n<div class=\"session_speaker_thumb\"><img decoding=\"async\" src=\"https:\/\/itmusicjam.cz\/wp-content\/uploads\/2017\/07\/digestor_new-150x150.jpg\" alt=\"Digesto\u0159\"\/><\/div>\n<div class=\"session_content has_speaker_thumb\">\n<div class=\"session_start_time\">20:45&nbsp;&#8211;&nbsp;21:25<\/div>\n<div class=\"session_title\">\n<h6>Digesto\u0159<\/h6>\n<\/div>\n<div class=\"session_speakers\">By&nbsp;<strong><a href=\"https:\/\/itmusicjam.cz\/?speaker=jeff-robin\">Digesto\u0159<\/a><\/strong>&nbsp;punk-rock<\/div>\n<\/div>\n<p><br class=\"clear\"\/><\/div>\n<div id=\"excerpt_83\" class=\"session_content_extend hide session_content_wrapper\">\n<div class=\"session_content has_speaker_thumb\">\n<div class=\"session_excerpt\">Kapela Digesto\u0159 je \u010dty\u0159\u010dlenn\u00e1 punk-rockov\u00e1 formace s v\u00fdhradn\u011b vlastn\u00ed tvorbou. Pom\u011brn\u011b jednoduch\u00e9 kytarov\u00e9 riffy jsou dopln\u011bny kl\u00e1vesami a d\u00e1vaj\u00ed na\u0161emu &#8222;digest&#8220; punku origin\u00e1ln\u00ed v\u00fdraz. V\u0161e dopl\u0148uj\u00ed na\u0161e vlastn\u00ed texty, ob\u010das texty kamar\u00e1d\u016f. Nepl\u00e1novan\u011b je na\u0161e tvorba \u010dlen\u011bna do trilogi\u00ed a tetralogi\u00ed &#8211; O smrti, O pr\u00e1ci, O m\u011bstech, O \u017eivot\u011b, O politice&#8230; jen p\u00e1r text\u016f je tematicky osamocen\u00fdch :-).<\/p>\n<p>Datera<\/p><\/div>\n<\/div>\n<p><br class=\"clear\"\/><\/div>\n<\/li>\n<li class=\"themeborder \">\n<div class=\"session_content_wrapper expandable\" data-expandid=\"excerpt_81\">\n<div class=\"session_speaker_thumb\"><img decoding=\"async\" src=\"https:\/\/itmusicjam.cz\/wp-content\/uploads\/2017\/07\/dacomeen_scaled-150x150.jpg\" alt=\"Da Comeen\"\/><\/div>\n<div class=\"session_content has_speaker_thumb\">\n<div class=\"session_start_time\">20:00&nbsp;&#8211;&nbsp;20:25<\/div>\n<div class=\"session_title\">\n<h6>Da Comeen<\/h6>\n<\/div>\n<div class=\"session_speakers\">By&nbsp;<strong><a href=\"https:\/\/itmusicjam.cz\/?speaker=luis-gallop\">Da Comeen<\/a><\/strong>&nbsp;rap<\/div>\n<\/div>\n<p><br class=\"clear\"\/><\/div>\n<div id=\"excerpt_81\" class=\"session_content_extend hide session_content_wrapper\">\n<div class=\"session_content has_speaker_thumb\">\n<div class=\"session_excerpt\">Da Comeen rapper.<br \/>\nDNS<\/div>\n<\/div>\n<p><br class=\"clear\"\/><\/div>\n<\/li>\n<li class=\"themeborder \">\n<div class=\"session_content_wrapper expandable\" data-expandid=\"excerpt_77\">\n<div class=\"session_speaker_thumb\"><img decoding=\"async\" src=\"https:\/\/itmusicjam.cz\/wp-content\/uploads\/2017\/07\/zlab-2-150x150.jpg\" alt=\"The \u017dlab\"\/><\/div>\n<div class=\"session_content has_speaker_thumb\">\n<div class=\"session_start_time\">19:00&nbsp;&#8211;&nbsp;19:40<\/div>\n<div class=\"session_title\">\n<h6>The \u017dlab<\/h6>\n<\/div>\n<div class=\"session_speakers\">By&nbsp;<strong><a href=\"https:\/\/itmusicjam.cz\/?speaker=the-duo\">The \u017dlab<\/a><\/strong>&nbsp;punk-rock<\/div>\n<\/div>\n<p><br class=\"clear\"\/><\/div>\n<div id=\"excerpt_77\" class=\"session_content_extend hide session_content_wrapper\">\n<div class=\"session_content has_speaker_thumb\">\n<div class=\"session_excerpt\">The \u017dlab reprezentuje po\u0159adatelskou spole\u010dnost DNS. Frontmana Romana \u010combe Komorn\u00e9ho zn\u00e1te sp\u00ed\u0161e jako obchodn\u00edka HPE divize. Ur\u010dit\u011b v\u00e1s zaujme sv\u00fdmi hudebn\u00edmi v\u00fdkony vlastn\u00edch skladeb The \u017dlabu<br \/>\nObsazen\u00ed:<br \/>\n\u010combe Ketzerdorf: zp\u011bv , kytary<br \/>\nHarry P\u00ed\u010d: Jurkovi\u010d guitar, s\u00f3lov\u00e9 party, zp\u011bv<br \/>\nMetyu Byondy: baskytara<br \/>\nV\u00ed\u0165a Navr\u00e1til: bic\u00ed<\/div>\n<\/div>\n<p><br class=\"clear\"\/><\/div>\n<\/li>\n<li class=\"themeborder \">\n<div class=\"session_content_wrapper expandable\" data-expandid=\"excerpt_75\">\n<div class=\"session_speaker_thumb\"><img decoding=\"async\" src=\"https:\/\/itmusicjam.cz\/wp-content\/uploads\/2021\/07\/bull_scaled-150x150.jpg\" alt=\"Bull band\"\/><\/div>\n<div class=\"session_content has_speaker_thumb\">\n<div class=\"session_start_time\">22:45&nbsp;&#8211;&nbsp;23:45<\/div>\n<div class=\"session_title\">\n<h6>Bull band feat. Ivana Ryb\u00e1kov\u00e1<\/h6>\n<\/div>\n<div class=\"session_speakers\">By&nbsp;<strong><a href=\"https:\/\/itmusicjam.cz\/?speaker=bull-band\">Bull band<\/a><\/strong>&nbsp;blues-rock<\/div>\n<\/div>\n<p><br class=\"clear\"\/><\/div>\n<div id=\"excerpt_75\" class=\"session_content_extend hide session_content_wrapper\">\n<div class=\"session_content has_speaker_thumb\">\n<div class=\"session_excerpt\">Bull band pat\u0159\u00ed mezi st\u00e1lice festivalku IT music jam. Parti\u010dka ex-koleg\u016f ze spole\u010dnosti Bull dopln\u011bn\u00e1 o Vl\u00e1\u010fu Bulla Ber\u00e1nka zahraje slavn\u00e9 blues-rockov\u00e9 covery.<br \/>\nSlo\u017een\u00ed: <br \/>\nkytara, zp\u011bv: Vl\u00e1\u010fa Bull Ber\u00e1nek (Data Intertech)<br \/>\nbasa, zp\u011bv: Jarda Vojt\u011bch (Atos)<br \/>\nkl\u00e1vesy, zp\u011bv: Petr Spurn\u00fd (Iseco)<br \/>\nbic\u00ed: Roman Matou\u0161ek (Atos)<br \/>\na po zda\u0159il\u00e9 premi\u00e9\u0159e v minul\u00e9m ro\u010dn\u00edku se i v tom leto\u0161n\u00edm p\u0159edstav\u00ed Ivana Ryb\u00e1kov\u00e1, zp\u011bv (Intelis).<\/div>\n<\/div>\n<p><br class=\"clear\"\/><\/div>\n<\/li>\n<\/ul>\n<\/div>\n<\/div>\n<\/div>\n<\/div>\n<div id=\"kontakt\" class=\"one withsmallpadding ppb_text\" style=\"padding-bottom:0px !important;text-align:left;padding:40px 0 40px 0;background-color:#000000;color:#ffffff !important;\" >\n<div class=\"standard_wrapper\">\n<div class=\"page_content_wrapper\">\n<div class=\"inner\">\n<div style=\"margin:auto;width:70%\">\n<div class=\"one_third \" style=\"\">\n<p>\n<strong>KDE<\/strong><br \/>\nROCK CAF\u00c9<br \/>\nN\u00e1rodn\u00ed 116\/2, Praha 1\n<\/p>\n<\/div>\n<div class=\"one_third \" style=\"\">\n<p>\n<strong>KDY<\/strong><br \/>\nSt\u0159eda<br \/>\n17. z\u00e1\u0159\u00ed 2025 18:00\n<\/p>\n<\/div>\n<div class=\"one_third last \" style=\"\">\n<p>\n<strong>KONTAKT<\/strong><br \/>\nDominika L\u00f6ffler<br \/>\ndloffler@dns.cz\n<\/p>\n<\/div>\n<p><br class=\"clear\"\/><\/p>\n<\/div>\n<\/div>\n<\/div>\n<\/div>\n<\/div>\n<div id=\"mapa\" class=\"one withsmallpadding ppb_text\" style=\"text-align: center;  align-items: center;padding:0px;background-color:#000000;\" >\n<p><iframe loading=\"lazy\" style=\"border:none;\" src=\"https:\/\/frame.mapy.cz\/s\/fulovuvusa\" width=\"100%\" height=\"450\" frameborder=\"0\"><\/iframe><\/p>\n<\/div>\n","protected":false},"excerpt":{"rendered":"<p>IT MUSIC JAM 2025 IT MUSIC JAM je hudebn\u00ed festival kapel a milovn\u00edk\u016f hudby z IT bran\u017ee. Na za\u010d\u00e1tku st\u00e1la my\u0161lenka d\u00e1t dohromady muzikanty ze spole\u010dnosti DNS a jejich hudebn\u00edch p\u0159\u00e1tel. Leto\u0161n\u00ed 15. ro\u010dn\u00edk bude op\u011bt v ROCK CAF\u00c9 Praha [&hellip;]<\/p>\n","protected":false},"author":1,"featured_media":0,"parent":0,"menu_order":0,"comment_status":"closed","ping_status":"open","template":"","meta":{"footnotes":""},"class_list":["post-286","page","type-page","status-publish","hentry"],"_links":{"self":[{"href":"https:\/\/itmusicjam.cz\/index.php?rest_route=\/wp\/v2\/pages\/286","targetHints":{"allow":["GET"]}}],"collection":[{"href":"https:\/\/itmusicjam.cz\/index.php?rest_route=\/wp\/v2\/pages"}],"about":[{"href":"https:\/\/itmusicjam.cz\/index.php?rest_route=\/wp\/v2\/types\/page"}],"author":[{"embeddable":true,"href":"https:\/\/itmusicjam.cz\/index.php?rest_route=\/wp\/v2\/users\/1"}],"replies":[{"embeddable":true,"href":"https:\/\/itmusicjam.cz\/index.php?rest_route=%2Fwp%2Fv2%2Fcomments&post=286"}],"version-history":[{"count":68,"href":"https:\/\/itmusicjam.cz\/index.php?rest_route=\/wp\/v2\/pages\/286\/revisions"}],"predecessor-version":[{"id":484,"href":"https:\/\/itmusicjam.cz\/index.php?rest_route=\/wp\/v2\/pages\/286\/revisions\/484"}],"wp:attachment":[{"href":"https:\/\/itmusicjam.cz\/index.php?rest_route=%2Fwp%2Fv2%2Fmedia&parent=286"}],"curies":[{"name":"wp","href":"https:\/\/api.w.org\/{rel}","templated":true}]}}